{"id":334,"date":"2021-03-16T12:11:36","date_gmt":"2021-03-16T12:11:36","guid":{"rendered":"http:\/\/autolane.qreativethemes.com\/?page_id=334"},"modified":"2026-04-29T21:23:56","modified_gmt":"2026-04-30T01:23:56","slug":"aliniamiento-balanceo","status":"publish","type":"page","link":"https:\/\/lubricambio.com\/index.php\/servicios\/aliniamiento-balanceo\/","title":{"rendered":"Alineamiento Y Balanceo"},"content":{"rendered":"\t\t<div data-elementor-type=\"wp-page\" data-elementor-id=\"334\" class=\"elementor elementor-334\" data-elementor-post-type=\"page\">\n\t\t\t\t\t\t<div class=\"elementor-inner\">\n\t\t\t\t<div class=\"elementor-section-wrap\">\n\t\t\t\t\t\t\t\t\t<section class=\"elementor-section elementor-top-section elementor-element elementor-element-be94bd0 elementor-section-boxed elementor-section-height-default elementor-section-height-default\" data-id=\"be94bd0\" data-element_type=\"section\">\n\t\t\t\t\t\t<div class=\"elementor-container elementor-column-gap-default\">\n\t\t\t\t\t\t\t<div class=\"elementor-row\">\n\t\t\t\t\t<div class=\"elementor-column elementor-col-50 elementor-top-column elementor-element elementor-element-300b851\" data-id=\"300b851\" data-element_type=\"column\">\n\t\t\t<div class=\"elementor-column-wrap elementor-element-populated\">\n\t\t\t\t\t\t\t<div class=\"elementor-widget-wrap\">\n\t\t\t\t\t\t<div class=\"elementor-element elementor-element-885c0c0 elementor-invisible elementor-widget elementor-widget-text-editor\" data-id=\"885c0c0\" data-element_type=\"widget\" data-settings=\"{&quot;_animation&quot;:&quot;fadeIn&quot;}\" data-widget_type=\"text-editor.default\">\n\t\t\t\t<div class=\"elementor-widget-container\">\n\t\t\t<style>\/*! elementor - v3.17.0 - 08-11-2023 *\/\n.elementor-widget-text-editor.elementor-drop-cap-view-stacked .elementor-drop-cap{background-color:#69727d;color:#fff}.elementor-widget-text-editor.elementor-drop-cap-view-framed .elementor-drop-cap{color:#69727d;border:3px solid;background-color:transparent}.elementor-widget-text-editor:not(.elementor-drop-cap-view-default) .elementor-drop-cap{margin-top:8px}.elementor-widget-text-editor:not(.elementor-drop-cap-view-default) .elementor-drop-cap-letter{width:1em;height:1em}.elementor-widget-text-editor .elementor-drop-cap{float:left;text-align:center;line-height:1;font-size:50px}.elementor-widget-text-editor .elementor-drop-cap-letter{display:inline-block}<\/style>\t\t\t\t\t<div class=\"elementor-text-editor elementor-clearfix\">\n\t\t\t\t<h3>ALINEAMIENTOS<\/h3><p>B\u00e1sicamente, la alineaci\u00f3n es el proceso en el que se ajustan las llantas de un veh\u00edculo para que miren hacia el frente, es decir, las llantas de tu auto deben quedar paralelas entre s\u00ed y perpendiculares al camino. Lo \u00f3ptimo es realizar este servicio cada 10 mil kil\u00f3metros; en caso de que no, tu volante tender\u00e1 a irse hacia un lado, o bien, nunca regresar\u00e1 a su posici\u00f3n original despu\u00e9s de girarlo, lo cual tarde o temprano generar\u00e1 un desgaste irregular.<\/p>\t\t\t\t\t<\/div>\n\t\t\t\t\t\t<\/div>\n\t\t\t\t<\/div>\n\t\t\t\t<div class=\"elementor-element elementor-element-7a9b818 elementor-invisible elementor-widget elementor-widget-text-editor\" data-id=\"7a9b818\" data-element_type=\"widget\" data-settings=\"{&quot;_animation&quot;:&quot;fadeIn&quot;}\" data-widget_type=\"text-editor.default\">\n\t\t\t\t<div class=\"elementor-widget-container\">\n\t\t\t\t\t\t\t\t<div class=\"elementor-text-editor elementor-clearfix\">\n\t\t\t\t<h3>BALANCEO<\/h3>\n<p>El balanceo, por otro lado, es un procedimiento por medio del cual se ajustan los pesos de una llanta y su rin para mantener un equilibrio correcto entre ambos. Con pocas palabras, es el servicio en el que se distribuyen uniformemente el peso entre las llantas y los rines. Cuando no se realiza el balanceo, se corre el peligro de perder miles de kil\u00f3metros de vida \u00fatil. Existen dos tipos de balanceo: el est\u00e1tico y el din\u00e1mico. En el primero, se colocan peque\u00f1os pesos en el rin para conseguir dicha estabilidad; y en el segundo, por el contrario, se toma en cuenta el peso de la llanta para realizar el ajuste correspondiente. Sabr\u00e1s cu\u00e1ndo hay que balancear tus llantas cuando el volante de tu auto empiece a vibrar o este \u00faltimo genere ruidos al circular a ciertas velocidades.<\/p>\t\t\t\t\t<\/div>\n\t\t\t\t\t\t<\/div>\n\t\t\t\t<\/div>\n\t\t\t\t\t\t<\/div>\n\t\t\t\t\t<\/div>\n\t\t<\/div>\n\t\t\t\t<div class=\"elementor-column elementor-col-50 elementor-top-column elementor-element elementor-element-da00de5\" data-id=\"da00de5\" data-element_type=\"column\" data-settings=\"{&quot;background_background&quot;:&quot;classic&quot;}\">\n\t\t\t<div class=\"elementor-column-wrap elementor-element-populated\">\n\t\t\t\t\t\t\t<div class=\"elementor-widget-wrap\">\n\t\t\t\t\t\t<div class=\"elementor-element elementor-element-683a819 elementor-invisible elementor-widget elementor-widget-qt-pricing-table\" data-id=\"683a819\" data-element_type=\"widget\" data-settings=\"{&quot;_animation&quot;:&quot;fadeIn&quot;}\" data-widget_type=\"qt-pricing-table.default\">\n\t\t\t\t<div class=\"elementor-widget-container\">\n\t\t\t\n        <div class=\"pricing-table\">\n\n            \n                            <h5 class=\"pricing-table__title\">Alineaci\u00f3n y Balanceo<\/h5>\n            \n                            <span class=\"pricing-table__subtitle\">Renueve la estabilidad y seguridad de su veh\u00edculo<\/span>\n            \n            <div class=\"pricing-table__pricing\">\n\n                \n                                \n                \n            <\/div>\n\n            \n                            <div class=\"pricing-table__button\">\n                    <a href=\"https:\/\/lubricambio.com\/index.php\/agendar-cita\/\" class=\"btn btn-default\">Hacer Cita<\/a>\n                <\/div>\n            \n            \n                <div class=\"pricing-table__content\">\n\n                                            <span class=\"pricing-table__content__title\">Servicios Incluidos:<\/span>\n                    \n                                            <div class=\"pricing-table__included\">\n                            <ul>\n                                                                        <li>\n                                                                                            <i aria-hidden=\"true\" class=\"fas fa-arrow-circle-right\"><\/i>                                                                                        Completado de aire en gomas.                                        <\/li>\n                                                                                <li>\n                                                                                            <i aria-hidden=\"true\" class=\"fas fa-arrow-circle-right\"><\/i>                                                                                        Limpieza con aspiradora.                                        <\/li>\n                                                                                <li>\n                                                                                            <i aria-hidden=\"true\" class=\"fas fa-arrow-circle-right\"><\/i>                                                                                        Reemplazo inmediato de piezas si hace falta.                                        <\/li>\n                                                                                <li>\n                                                                                            <i aria-hidden=\"true\" class=\"fas fa-arrow-circle-right\"><\/i>                                                                                        Diagn\u00f3stico en luces de frenos                                        <\/li>\n                                                                    <\/ul>\n                        <\/div>\n                    \n                    \n                <\/div>\n\n            \n        <\/div>\n\n        \t\t<\/div>\n\t\t\t\t<\/div>\n\t\t\t\t\t\t<\/div>\n\t\t\t\t\t<\/div>\n\t\t<\/div>\n\t\t\t\t\t\t\t\t<\/div>\n\t\t\t\t\t<\/div>\n\t\t<\/section>\n\t\t\t\t<section class=\"elementor-section elementor-top-section elementor-element elementor-element-7fcbfad elementor-section-content-middle elementor-section-boxed elementor-section-height-default elementor-section-height-default\" data-id=\"7fcbfad\" data-element_type=\"section\">\n\t\t\t\t\t\t<div class=\"elementor-container elementor-column-gap-default\">\n\t\t\t\t\t\t\t<div class=\"elementor-row\">\n\t\t\t\t\t<div class=\"elementor-column elementor-col-50 elementor-top-column elementor-element elementor-element-00eeee0\" data-id=\"00eeee0\" data-element_type=\"column\">\n\t\t\t<div class=\"elementor-column-wrap elementor-element-populated\">\n\t\t\t\t\t\t\t<div class=\"elementor-widget-wrap\">\n\t\t\t\t\t\t<div class=\"elementor-element elementor-element-35f5ebc elementor-invisible elementor-widget elementor-widget-image\" data-id=\"35f5ebc\" data-element_type=\"widget\" data-settings=\"{&quot;_animation&quot;:&quot;fadeIn&quot;}\" data-widget_type=\"image.default\">\n\t\t\t\t<div class=\"elementor-widget-container\">\n\t\t\t<style>\/*! elementor - v3.17.0 - 08-11-2023 *\/\n.elementor-widget-image{text-align:center}.elementor-widget-image a{display:inline-block}.elementor-widget-image a img[src$=\".svg\"]{width:48px}.elementor-widget-image img{vertical-align:middle;display:inline-block}<\/style>\t\t\t\t\t<div class=\"elementor-image\">\n\t\t\t\t\t\t\t\t\t\t\t\t\t<a href=\"https:\/\/lubricambio.com\/wp-content\/uploads\/2025\/03\/Snapinst.app_448646021_3905286949695090_8858954003696528258_n_1080.jpg\" data-elementor-open-lightbox=\"yes\" data-elementor-lightbox-title=\"Snapinst.app_448646021_3905286949695090_8858954003696528258_n_1080\" data-e-action-hash=\"#elementor-action%3Aaction%3Dlightbox%26settings%3DeyJpZCI6MjU1OSwidXJsIjoiaHR0cHM6XC9cL2x1YnJpY2FtYmlvLmNvbVwvd3AtY29udGVudFwvdXBsb2Fkc1wvMjAyNVwvMDNcL1NuYXBpbnN0LmFwcF80NDg2NDYwMjFfMzkwNTI4Njk0OTY5NTA5MF84ODU4OTU0MDAzNjk2NTI4MjU4X25fMTA4MC5qcGcifQ%3D%3D\">\n\t\t\t\t\t\t\t<img fetchpriority=\"high\" decoding=\"async\" width=\"1080\" height=\"1083\" src=\"https:\/\/lubricambio.com\/wp-content\/uploads\/2025\/03\/Snapinst.app_448646021_3905286949695090_8858954003696528258_n_1080.jpg\" class=\"attachment-full size-full wp-image-2559\" alt=\"\" srcset=\"https:\/\/lubricambio.com\/wp-content\/uploads\/2025\/03\/Snapinst.app_448646021_3905286949695090_8858954003696528258_n_1080.jpg 1080w, https:\/\/lubricambio.com\/wp-content\/uploads\/2025\/03\/Snapinst.app_448646021_3905286949695090_8858954003696528258_n_1080-300x300.jpg 300w, https:\/\/lubricambio.com\/wp-content\/uploads\/2025\/03\/Snapinst.app_448646021_3905286949695090_8858954003696528258_n_1080-1021x1024.jpg 1021w, https:\/\/lubricambio.com\/wp-content\/uploads\/2025\/03\/Snapinst.app_448646021_3905286949695090_8858954003696528258_n_1080-150x150.jpg 150w, https:\/\/lubricambio.com\/wp-content\/uploads\/2025\/03\/Snapinst.app_448646021_3905286949695090_8858954003696528258_n_1080-768x770.jpg 768w, https:\/\/lubricambio.com\/wp-content\/uploads\/2025\/03\/Snapinst.app_448646021_3905286949695090_8858954003696528258_n_1080-600x602.jpg 600w, https:\/\/lubricambio.com\/wp-content\/uploads\/2025\/03\/Snapinst.app_448646021_3905286949695090_8858954003696528258_n_1080-100x100.jpg 100w\" sizes=\"(max-width: 1080px) 100vw, 1080px\" \/>\t\t\t\t\t\t\t\t<\/a>\n\t\t\t\t\t\t\t\t\t\t\t\t\t\t<\/div>\n\t\t\t\t\t\t<\/div>\n\t\t\t\t<\/div>\n\t\t\t\t\t\t<\/div>\n\t\t\t\t\t<\/div>\n\t\t<\/div>\n\t\t\t\t<div class=\"elementor-column elementor-col-50 elementor-top-column elementor-element elementor-element-5f138f1\" data-id=\"5f138f1\" data-element_type=\"column\" data-settings=\"{&quot;background_background&quot;:&quot;classic&quot;}\">\n\t\t\t<div class=\"elementor-column-wrap elementor-element-populated\">\n\t\t\t\t\t\t\t<div class=\"elementor-widget-wrap\">\n\t\t\t\t\t\t<div class=\"elementor-element elementor-element-b230adb elementor-invisible elementor-widget elementor-widget-image\" data-id=\"b230adb\" data-element_type=\"widget\" data-settings=\"{&quot;_animation&quot;:&quot;fadeIn&quot;}\" data-widget_type=\"image.default\">\n\t\t\t\t<div class=\"elementor-widget-container\">\n\t\t\t\t\t\t\t\t<div class=\"elementor-image\">\n\t\t\t\t\t\t\t\t\t\t\t\t\t<a href=\"https:\/\/lubricambio.com\/wp-content\/uploads\/2025\/03\/Snapinst.app_470811782_122129213084400602_9158642931689653009_n_1080.jpg\" data-elementor-open-lightbox=\"yes\" data-elementor-lightbox-title=\"Snapinst.app_470811782_122129213084400602_9158642931689653009_n_1080\" data-e-action-hash=\"#elementor-action%3Aaction%3Dlightbox%26settings%3DeyJpZCI6MjU1OCwidXJsIjoiaHR0cHM6XC9cL2x1YnJpY2FtYmlvLmNvbVwvd3AtY29udGVudFwvdXBsb2Fkc1wvMjAyNVwvMDNcL1NuYXBpbnN0LmFwcF80NzA4MTE3ODJfMTIyMTI5MjEzMDg0NDAwNjAyXzkxNTg2NDI5MzE2ODk2NTMwMDlfbl8xMDgwLmpwZyJ9\">\n\t\t\t\t\t\t\t<img decoding=\"async\" width=\"960\" height=\"960\" src=\"https:\/\/lubricambio.com\/wp-content\/uploads\/2025\/03\/Snapinst.app_470811782_122129213084400602_9158642931689653009_n_1080.jpg\" class=\"attachment-full size-full wp-image-2558\" alt=\"\" srcset=\"https:\/\/lubricambio.com\/wp-content\/uploads\/2025\/03\/Snapinst.app_470811782_122129213084400602_9158642931689653009_n_1080.jpg 960w, https:\/\/lubricambio.com\/wp-content\/uploads\/2025\/03\/Snapinst.app_470811782_122129213084400602_9158642931689653009_n_1080-300x300.jpg 300w, https:\/\/lubricambio.com\/wp-content\/uploads\/2025\/03\/Snapinst.app_470811782_122129213084400602_9158642931689653009_n_1080-150x150.jpg 150w, https:\/\/lubricambio.com\/wp-content\/uploads\/2025\/03\/Snapinst.app_470811782_122129213084400602_9158642931689653009_n_1080-768x768.jpg 768w, https:\/\/lubricambio.com\/wp-content\/uploads\/2025\/03\/Snapinst.app_470811782_122129213084400602_9158642931689653009_n_1080-600x600.jpg 600w, https:\/\/lubricambio.com\/wp-content\/uploads\/2025\/03\/Snapinst.app_470811782_122129213084400602_9158642931689653009_n_1080-100x100.jpg 100w\" sizes=\"(max-width: 960px) 100vw, 960px\" \/>\t\t\t\t\t\t\t\t<\/a>\n\t\t\t\t\t\t\t\t\t\t\t\t\t\t<\/div>\n\t\t\t\t\t\t<\/div>\n\t\t\t\t<\/div>\n\t\t\t\t\t\t<\/div>\n\t\t\t\t\t<\/div>\n\t\t<\/div>\n\t\t\t\t\t\t\t\t<\/div>\n\t\t\t\t\t<\/div>\n\t\t<\/section>\n\t\t\t\t\t\t\t\t\t<\/div>\n\t\t\t<\/div>\n\t\t\t\t\t<\/div>\n\t\t","protected":false},"excerpt":{"rendered":"<p>Corregimos la direcci\u00f3n de las ruedas y equilibramos su peso para garantizar un manejo estable, mayor seguridad y un desgaste uniforme de los neum\u00e1ticos.<\/p>\n","protected":false},"author":1,"featured_media":2637,"parent":17,"menu_order":0,"comment_status":"closed","ping_status":"closed","template":"","meta":{"_monsterinsights_skip_tracking":false,"_monsterinsights_sitenote_active":false,"_monsterinsights_sitenote_note":"","_monsterinsights_sitenote_category":0,"footnotes":""},"acf":[],"aioseo_notices":[],"_links":{"self":[{"href":"https:\/\/lubricambio.com\/index.php\/wp-json\/wp\/v2\/pages\/334"}],"collection":[{"href":"https:\/\/lubricambio.com\/index.php\/wp-json\/wp\/v2\/pages"}],"about":[{"href":"https:\/\/lubricambio.com\/index.php\/wp-json\/wp\/v2\/types\/page"}],"author":[{"embeddable":true,"href":"https:\/\/lubricambio.com\/index.php\/wp-json\/wp\/v2\/users\/1"}],"replies":[{"embeddable":true,"href":"https:\/\/lubricambio.com\/index.php\/wp-json\/wp\/v2\/comments?post=334"}],"version-history":[{"count":8,"href":"https:\/\/lubricambio.com\/index.php\/wp-json\/wp\/v2\/pages\/334\/revisions"}],"predecessor-version":[{"id":2644,"href":"https:\/\/lubricambio.com\/index.php\/wp-json\/wp\/v2\/pages\/334\/revisions\/2644"}],"up":[{"embeddable":true,"href":"https:\/\/lubricambio.com\/index.php\/wp-json\/wp\/v2\/pages\/17"}],"wp:featuredmedia":[{"embeddable":true,"href":"https:\/\/lubricambio.com\/index.php\/wp-json\/wp\/v2\/media\/2637"}],"wp:attachment":[{"href":"https:\/\/lubricambio.com\/index.php\/wp-json\/wp\/v2\/media?parent=334"}],"curies":[{"name":"wp","href":"https:\/\/api.w.org\/{rel}","templated":true}]}}