{"id":2305,"date":"2024-04-04T18:39:02","date_gmt":"2024-04-04T18:39:02","guid":{"rendered":"https:\/\/lubricambio.com\/?page_id=2305"},"modified":"2024-04-04T18:39:15","modified_gmt":"2024-04-04T18:39:15","slug":"politicas-de-privacidad-app-lubricambio","status":"publish","type":"page","link":"https:\/\/lubricambio.com\/index.php\/politicas-de-privacidad-app-lubricambio\/","title":{"rendered":"Politicas de Privacidad App LubriCambio"},"content":{"rendered":"\t\t<div data-elementor-type=\"wp-page\" data-elementor-id=\"2305\" class=\"elementor elementor-2305\" data-elementor-post-type=\"page\">\n\t\t\t\t\t\t<div class=\"elementor-inner\">\n\t\t\t\t<div class=\"elementor-section-wrap\">\n\t\t\t\t\t\t\t\t\t<section class=\"elementor-section elementor-top-section elementor-element elementor-element-508918fe elementor-section-boxed elementor-section-height-default elementor-section-height-default\" data-id=\"508918fe\" data-element_type=\"section\">\n\t\t\t\t\t\t<div class=\"elementor-container elementor-column-gap-default\">\n\t\t\t\t\t\t\t<div class=\"elementor-row\">\n\t\t\t\t\t<div class=\"elementor-column elementor-col-100 elementor-top-column elementor-element elementor-element-439a0bb3\" data-id=\"439a0bb3\" data-element_type=\"column\">\n\t\t\t<div class=\"elementor-column-wrap elementor-element-populated\">\n\t\t\t\t\t\t\t<div class=\"elementor-widget-wrap\">\n\t\t\t\t\t\t<div class=\"elementor-element elementor-element-216bc181 elementor-widget elementor-widget-text-editor\" data-id=\"216bc181\" data-element_type=\"widget\" data-widget_type=\"text-editor.default\">\n\t\t\t\t<div class=\"elementor-widget-container\">\n\t\t\t<style>\/*! elementor - v3.17.0 - 08-11-2023 *\/\n.elementor-widget-text-editor.elementor-drop-cap-view-stacked .elementor-drop-cap{background-color:#69727d;color:#fff}.elementor-widget-text-editor.elementor-drop-cap-view-framed .elementor-drop-cap{color:#69727d;border:3px solid;background-color:transparent}.elementor-widget-text-editor:not(.elementor-drop-cap-view-default) .elementor-drop-cap{margin-top:8px}.elementor-widget-text-editor:not(.elementor-drop-cap-view-default) .elementor-drop-cap-letter{width:1em;height:1em}.elementor-widget-text-editor .elementor-drop-cap{float:left;text-align:center;line-height:1;font-size:50px}.elementor-widget-text-editor .elementor-drop-cap-letter{display:inline-block}<\/style>\t\t\t\t\t<div class=\"elementor-text-editor elementor-clearfix\">\n\t\t\t\t<!-- wp:paragraph -->\n<p><strong>Pol\u00edtica de Privacidad<\/strong><\/p>\n<!-- \/wp:paragraph -->\n\n<!-- wp:paragraph -->\n<p>La presente Pol\u00edtica de Privacidad establece los t\u00e9rminos en que LubriCambio usa y protege la informaci\u00f3n que es proporcionada por sus usuarios al momento de utilizar su aplicaci\u00f3n. Estamos comprometidos con la seguridad de los datos de nuestros usuarios.<\/p>\n<!-- \/wp:paragraph -->\n\n<!-- wp:paragraph -->\n<p><strong>Informaci\u00f3n que es recogida<\/strong><\/p>\n<!-- \/wp:paragraph -->\n\n<!-- wp:paragraph -->\n<p>Nuestra aplicaci\u00f3n podr\u00e1 recoger informaci\u00f3n personal, por ejemplo: Nombre, informaci\u00f3n de contacto, correo electr\u00f3nico, informaci\u00f3n de su veh\u00edculo. Asimismo, cuando sea necesario, podr\u00e1 ser requerida informaci\u00f3n espec\u00edfica para procesar alg\u00fan pedido o realizar una entrega o facturaci\u00f3n.<\/p>\n<!-- \/wp:paragraph -->\n\n<!-- wp:paragraph -->\n<p><strong>Uso de la informaci\u00f3n recogida<\/strong><\/p>\n<!-- \/wp:paragraph -->\n\n<!-- wp:paragraph -->\n<p>Nuestra aplicaci\u00f3n emplea la informaci\u00f3n con el fin de proporcionar el mejor servicio posible, particularmente para mantener un registro de usuarios, de pedidos en caso de que aplique, y mejorar nuestros servicios. Podr\u00eda ser posible que sean enviados correos electr\u00f3nicos peri\u00f3dicamente a trav\u00e9s de nuestra aplicaci\u00f3n con ofertas especiales, nuevos productos y otra informaci\u00f3n publicitaria que consideremos relevante para usted o que pueda brindarle alg\u00fan beneficio. Estos correos electr\u00f3nicos ser\u00e1n enviados a la direcci\u00f3n que usted proporcione y podr\u00e1n ser cancelados en cualquier momento.<\/p>\n<!-- \/wp:paragraph -->\n\n<!-- wp:paragraph -->\n<p><strong>Terceros<\/strong><\/p>\n<!-- \/wp:paragraph -->\n\n<!-- wp:paragraph -->\n<p>Hacemos uso de Auth0 para el inicio de sesi\u00f3n en nuestra aplicaci\u00f3n y OneSignal para las notificaciones push y las notificaciones dentro de la aplicaci\u00f3n. Al usar nuestra aplicaci\u00f3n, usted tambi\u00e9n est\u00e1 sujeto a las pol\u00edticas de privacidad de estos servicios terceros:<\/p>\n<!-- \/wp:paragraph -->\n\n<!-- wp:list -->\n<ul><!-- wp:list-item -->\n<li><a href=\"https:\/\/auth0.com\/privacy\">Pol\u00edtica de privacidad de Auth0<\/a><\/li>\n<!-- \/wp:list-item -->\n\n<!-- wp:list-item -->\n<li><a href=\"https:\/\/onesignal.com\/privacy_policy\">Pol\u00edtica de privacidad de OneSignal<\/a><\/li>\n<!-- \/wp:list-item --><\/ul>\n<!-- \/wp:list -->\n\n<!-- wp:paragraph -->\n<p><strong>Control de su informaci\u00f3n personal<\/strong><\/p>\n<!-- \/wp:paragraph -->\n\n<!-- wp:paragraph -->\n<p>En cualquier momento usted puede restringir la recopilaci\u00f3n o el uso de la informaci\u00f3n personal que es proporcionada a nuestra aplicaci\u00f3n. Cada vez que se le solicite rellenar un formulario, como el de alta de usuario, puede marcar o desmarcar la opci\u00f3n de recibir informaci\u00f3n por correo electr\u00f3nico.<\/p>\n<!-- \/wp:paragraph -->\n\n<!-- wp:paragraph -->\n<p>Esta empresa no vender\u00e1, ceder\u00e1 ni distribuir\u00e1 la informaci\u00f3n personal que es recopilada sin su consentimiento, salvo que sea requerido por un juez con un orden judicial.<\/p>\n<!-- \/wp:paragraph -->\n\n<!-- wp:paragraph -->\n<p><strong>Cambios a la Pol\u00edtica de Privacidad<\/strong><\/p>\n<!-- \/wp:paragraph -->\n\n<!-- wp:paragraph -->\n<p>Nos reservamos el derecho de cambiar los t\u00e9rminos de la presente Pol\u00edtica de Privacidad en cualquier momento.<\/p>\n<!-- \/wp:paragraph -->\n\n<!-- wp:paragraph -->\n<p><strong>Contacto<\/strong><\/p>\n<!-- \/wp:paragraph -->\n\n<!-- wp:paragraph -->\n<p>Si tienes preguntas sobre esta Pol\u00edtica de Privacidad, puedes contactarnos a trav\u00e9s de info@lubricambio.com.do.<\/p>\n<!-- \/wp:paragraph -->\n\n<!-- wp:paragraph -->\n<p>\u00daltima actualizaci\u00f3n: 01\/07\/2023<\/p>\n<!-- \/wp:paragraph -->\t\t\t\t\t<\/div>\n\t\t\t\t\t\t<\/div>\n\t\t\t\t<\/div>\n\t\t\t\t\t\t<\/div>\n\t\t\t\t\t<\/div>\n\t\t<\/div>\n\t\t\t\t\t\t\t\t<\/div>\n\t\t\t\t\t<\/div>\n\t\t<\/section>\n\t\t\t\t\t\t\t\t\t<\/div>\n\t\t\t<\/div>\n\t\t\t\t\t<\/div>\n\t\t","protected":false},"excerpt":{"rendered":"<p>Pol\u00edtica de Privacidad La presente Pol\u00edtica de Privacidad establece los t\u00e9rminos en que LubriCambio usa y protege la informaci\u00f3n que es proporcionada por sus usuarios al momento de utilizar su aplicaci\u00f3n. Estamos comprometidos con la seguridad de los datos de nuestros usuarios. Informaci\u00f3n que es recogida Nuestra aplicaci\u00f3n podr\u00e1 recoger informaci\u00f3n personal, por ejemplo: Nombre,&hellip;<\/p>\n","protected":false},"author":1,"featured_media":0,"parent":0,"menu_order":0,"comment_status":"closed","ping_status":"closed","template":"","meta":{"_monsterinsights_skip_tracking":false,"_monsterinsights_sitenote_active":false,"_monsterinsights_sitenote_note":"","_monsterinsights_sitenote_category":0,"footnotes":""},"acf":[],"aioseo_notices":[],"_links":{"self":[{"href":"https:\/\/lubricambio.com\/index.php\/wp-json\/wp\/v2\/pages\/2305"}],"collection":[{"href":"https:\/\/lubricambio.com\/index.php\/wp-json\/wp\/v2\/pages"}],"about":[{"href":"https:\/\/lubricambio.com\/index.php\/wp-json\/wp\/v2\/types\/page"}],"author":[{"embeddable":true,"href":"https:\/\/lubricambio.com\/index.php\/wp-json\/wp\/v2\/users\/1"}],"replies":[{"embeddable":true,"href":"https:\/\/lubricambio.com\/index.php\/wp-json\/wp\/v2\/comments?post=2305"}],"version-history":[{"count":4,"href":"https:\/\/lubricambio.com\/index.php\/wp-json\/wp\/v2\/pages\/2305\/revisions"}],"predecessor-version":[{"id":2309,"href":"https:\/\/lubricambio.com\/index.php\/wp-json\/wp\/v2\/pages\/2305\/revisions\/2309"}],"wp:attachment":[{"href":"https:\/\/lubricambio.com\/index.php\/wp-json\/wp\/v2\/media?parent=2305"}],"curies":[{"name":"wp","href":"https:\/\/api.w.org\/{rel}","templated":true}]}}